{"id":1165,"date":"2017-02-08T09:40:34","date_gmt":"2017-02-08T09:40:34","guid":{"rendered":"http:\/\/consulting.stylemixthemes.com\/demo\/?page_id=1165"},"modified":"2023-04-29T03:04:50","modified_gmt":"2023-04-29T03:04:50","slug":"prendrerdv","status":"publish","type":"page","link":"https:\/\/yrconsult.ma\/ar\/prendrerdv\/","title":{"rendered":"\u0625\u062d\u062c\u0632 \u0645\u0648\u0639\u062f"},"content":{"rendered":"<div data-elementor-type=\"wp-page\" data-elementor-id=\"1165\" class=\"elementor elementor-1165\">\n\t\t\t\t\t\t<section class=\"elementor-section elementor-top-section elementor-element elementor-element-bc5d74d elementor-section-boxed elementor-section-height-default elementor-section-height-default\" data-id=\"bc5d74d\" data-element_type=\"section\" data-e-type=\"section\">\n\t\t\t\t\t\t<div class=\"elementor-container elementor-column-gap-default\">\n\t\t\t\t\t<div class=\"elementor-column elementor-col-50 elementor-top-column elementor-element elementor-element-ada15a5\" data-id=\"ada15a5\" data-element_type=\"column\" data-e-type=\"column\">\n\t\t\t<div class=\"elementor-widget-wrap elementor-element-populated\">\n\t\t\t\t\t\t<div class=\"elementor-element elementor-element-1be0df9 elementor-widget elementor-widget-image\" data-id=\"1be0df9\" data-element_type=\"widget\" data-e-type=\"widget\" data-widget_type=\"image.default\">\n\t\t\t\t<div class=\"elementor-widget-container\">\n\t\t\t\t\t\t\t\t\t\t\t\t\t\t\t<img fetchpriority=\"high\" decoding=\"async\" width=\"920\" height=\"736\" src=\"https:\/\/yrconsult.ma\/wp-content\/uploads\/2023\/04\/e2b0bf1c-e830-4369-bcfe-44a5a973d688.jpg\" class=\"attachment-large size-large wp-image-7264\" alt=\"\" srcset=\"https:\/\/yrconsult.ma\/wp-content\/uploads\/2023\/04\/e2b0bf1c-e830-4369-bcfe-44a5a973d688.jpg 920w, https:\/\/yrconsult.ma\/wp-content\/uploads\/2023\/04\/e2b0bf1c-e830-4369-bcfe-44a5a973d688-300x240.jpg 300w, https:\/\/yrconsult.ma\/wp-content\/uploads\/2023\/04\/e2b0bf1c-e830-4369-bcfe-44a5a973d688-768x614.jpg 768w, https:\/\/yrconsult.ma\/wp-content\/uploads\/2023\/04\/e2b0bf1c-e830-4369-bcfe-44a5a973d688-900x720.jpg 900w\" sizes=\"(max-width: 920px) 100vw, 920px\" \/>\t\t\t\t\t\t\t\t\t\t\t\t\t\t\t<\/div>\n\t\t\t\t<\/div>\n\t\t\t\t\t<\/div>\n\t\t<\/div>\n\t\t\t\t<div class=\"elementor-column elementor-col-50 elementor-top-column elementor-element elementor-element-a6a5769\" data-id=\"a6a5769\" data-element_type=\"column\" data-e-type=\"column\" data-settings=\"{&quot;background_background&quot;:&quot;gradient&quot;}\">\n\t\t\t<div class=\"elementor-widget-wrap elementor-element-populated\">\n\t\t\t\t\t\t<div class=\"elementor-element elementor-element-cbf3a56 elementor-widget elementor-widget-vc_custom_heading\" data-id=\"cbf3a56\" data-element_type=\"widget\" data-e-type=\"widget\" data-widget_type=\"vc_custom_heading.default\">\n\t\t\t\t<div class=\"elementor-widget-container\">\n\t\t\t\t\t<div class=\"vc_custom_heading  consulting_heading_font  text_align_center\" ><h3 style=\"text-align: center\" class=\"consulting-custom-title\">\u062d\u062f\u062f \u0645\u0648\u0639\u062f\n<\/h3><\/div>\t\t\t\t<\/div>\n\t\t\t\t<\/div>\n\t\t\t\t<div class=\"elementor-element elementor-element-f6a1204 elementor-widget elementor-widget-stm_contact_form_7\" data-id=\"f6a1204\" data-element_type=\"widget\" data-e-type=\"widget\" data-widget_type=\"stm_contact_form_7.default\">\n\t\t\t\t<div class=\"elementor-widget-container\">\n\t\t\t\t\t\n<div class=\"wpcf7 no-js\" id=\"wpcf7-f1284-o1\" lang=\"en-US\" dir=\"ltr\" data-wpcf7-id=\"1284\">\n<div class=\"screen-reader-response\"><p role=\"status\" aria-live=\"polite\" aria-atomic=\"true\"><\/p> <ul><\/ul><\/div>\n<form action=\"\/ar\/wp-json\/wp\/v2\/pages\/1165#wpcf7-f1284-o1\" method=\"post\" class=\"wpcf7-form init\" aria-label=\"Contact form\" novalidate=\"novalidate\" data-status=\"init\" data-trp-original-action=\"\/ar\/wp-json\/wp\/v2\/pages\/1165#wpcf7-f1284-o1\">\n<fieldset class=\"hidden-fields-container\"><input type=\"hidden\" name=\"_wpcf7\" value=\"1284\" \/><input type=\"hidden\" name=\"_wpcf7_version\" value=\"6.1.5\" \/><input type=\"hidden\" name=\"_wpcf7_locale\" value=\"en_US\" \/><input type=\"hidden\" name=\"_wpcf7_unit_tag\" value=\"wpcf7-f1284-o1\" \/><input type=\"hidden\" name=\"_wpcf7_container_post\" value=\"0\" \/><input type=\"hidden\" name=\"_wpcf7_posted_data_hash\" value=\"\" \/>\n<\/fieldset>\n<div class=\"request_callback\">\n    <p>\u0633\u0648\u0641 \u0646\u0642\u0648\u0645 \u0628\u0627\u0644\u0631\u062f \u062e\u0644\u0627\u0644 24 \u0633\u0627\u0639\u0629\n<\/p>\n    <div class=\"row\">\n        <div class=\"col-lg-6 col-md-6 col-sm-6 col-xs-12\">\n            <div class=\"input-group\">\n                <span class=\"wpcf7-form-control-wrap\" data-name=\"services_consulting\"><select class=\"wpcf7-form-control wpcf7-select\" aria-invalid=\"false\" name=\"services_consulting\"><option value=\"\">\u062a\u0623\u0633\u064a\u0633 \u0627\u0644\u0634\u0631\u0643\u0627\u062a<\/option><option value=\"La domiciliation des soci\u00e9t\u00e9s\">\u062a\u0648\u0637\u064a\u0646 \u0627\u0644\u0634\u0631\u0643\u0627\u062a<\/option><option value=\"Cr\u00e9ation de registre de commerce(RC)\">\u062a\u0623\u0633\u064a\u0633 \u0627\u0644\u0633\u062c\u0644 \u0627\u0644\u062a\u062c\u0627\u0631\u064a RC<\/option><option value=\"Les declarations comptables ,sociales\">\u0627\u0644\u0625\u0642\u0631\u0627\u0631\u0627\u062a \u0627\u0644\u0645\u062d\u0627\u0633\u0628\u064a\u0629 \u0648\u0627\u0644\u0627\u062c\u062a\u0645\u0627\u0639\u064a\u0629<\/option><option value=\"Les business plans\">\u062f\u0631\u0627\u0633\u0629 \u0627\u0644\u0645\u0634\u0627\u0631\u064a\u0639<\/option><option value=\"Inscription \u00e0 la CNSS\">\u0627\u0644\u062a\u0633\u062c\u064a\u0644 \u0645\u0639 CNSS<\/option><option value=\"Traitement des donn\u00e9s de VISA\">\u0645\u0639\u0627\u0644\u062c\u0629 \u0645\u0644\u0641\u0627\u062a \u0627\u0644\u0641\u064a\u0632\u0627<\/option><\/select><\/span>\n            <\/div>\n        <\/div>\n        <div class=\"col-lg-6 col-md-6 col-sm-6 col-xs-12\">\n            <div class=\"input-group\">\n                <span class=\"wpcf7-form-control-wrap\" data-name=\"text-name\"><input size=\"40\" maxlength=\"400\" class=\"wpcf7-form-control wpcf7-text wpcf7-validates-as-required\" aria-required=\"true\" aria-invalid=\"false\" placeholder=\"\u0627\u0644\u0625\u0633\u0645 \u0627\u0644\u0643\u0627\u0645\u0644\" value=\"\" type=\"text\" name=\"text-name\" \/><\/span>\n            <\/div>\n        <\/div>\n        <div class=\"col-lg-6 col-md-6 col-sm-6 col-xs-12\">\n            <div class=\"input-group\">\n                <span class=\"wpcf7-form-control-wrap\" data-name=\"phone\"><input size=\"40\" maxlength=\"400\" class=\"wpcf7-form-control wpcf7-tel wpcf7-validates-as-required wpcf7-text wpcf7-validates-as-tel\" aria-required=\"true\" aria-invalid=\"false\" placeholder=\"\u0627\u0644\u0647\u0627\u062a\u0641\" value=\"\" type=\"tel\" name=\"phone\" \/><\/span>\n            <\/div>\n        <\/div>\n<div class=\"col-lg-6 col-md-6 col-sm-6 col-xs-12\">\n            <div class=\"input-group\">\n                <span class=\"wpcf7-form-control-wrap\" data-name=\"email\"><input size=\"40\" maxlength=\"400\" class=\"wpcf7-form-control wpcf7-email wpcf7-validates-as-required wpcf7-text wpcf7-validates-as-email\" aria-required=\"true\" aria-invalid=\"false\" placeholder=\"\u0627\u0644\u0628\u0631\u064a\u062f \u0627\u0644\u0625\u0644\u0643\u062a\u0631\u0648\u0646\u064a\" value=\"\" type=\"email\" name=\"email\" \/><\/span>\n            <\/div>\n        <\/div>\n        <div class=\"col-lg-6 col-md-6 col-sm-6 col-xs-12\">\n            <div class=\"input-group\">\n                <button type=\"submit\" class=\"button size-lg icon_right\">\u0637\u0644\u0628 \u0645\u0648\u0639\u062f<i class=\"fa fa-chevron-right\"><\/i><\/button>\n            <\/div>\n        <\/div>\n    <\/div>\n<\/div><div class=\"wpcf7-response-output\" aria-hidden=\"true\"><\/div>\n<input type=\"hidden\" name=\"trp-form-language\" value=\"ar\"\/><\/form>\n<\/div>\n\t\t\t\t\t\t<\/div>\n\t\t\t\t<\/div>\n\t\t\t\t\t<\/div>\n\t\t<\/div>\n\t\t\t\t\t<\/div>\n\t\t<\/section>\n\t\t\t\t<\/div>","protected":false},"excerpt":{"rendered":"<p>Prendre rendez-vous Nous vous r\u00e9pondrons dans les 24 heures Gestion des Soci\u00e9t\u00e9sLa communication des Soci\u00e9t\u00e9sGestion de registre de commerce(RC)Les declarations comptables ,socialesLes business plansInscription \u00e0 la CNSSTraitement des donn\u00e9s de VISA Demander un rappel<\/p>","protected":false},"author":1,"featured_media":0,"parent":0,"menu_order":0,"comment_status":"closed","ping_status":"closed","template":"elementor_header_footer","meta":{"footnotes":""},"class_list":["post-1165","page","type-page","status-publish","hentry"],"yoast_head":"<!-- This site is optimized with the Yoast SEO plugin v27.3 - https:\/\/yoast.com\/product\/yoast-seo-wordpress\/ -->\n<title>Prendre RDV - Y&amp;R CONSULT SARL<\/title>\n<meta name=\"robots\" content=\"index, follow, max-snippet:-1, max-image-preview:large, max-video-preview:-1\" \/>\n<link rel=\"canonical\" href=\"https:\/\/yrconsult.ma\/ar\/prendrerdv\/\" \/>\n<meta property=\"og:locale\" content=\"ar_AR\" \/>\n<meta property=\"og:type\" content=\"article\" \/>\n<meta property=\"og:title\" content=\"Prendre RDV - Y&amp;R CONSULT SARL\" \/>\n<meta property=\"og:description\" content=\"Prendre rendez-vous Nous vous r\u00e9pondrons dans les 24 heures Gestion des Soci\u00e9t\u00e9sLa communication des Soci\u00e9t\u00e9sGestion de registre de commerce(RC)Les declarations comptables ,socialesLes business plansInscription \u00e0 la CNSSTraitement des donn\u00e9s de VISA Demander un rappel\" \/>\n<meta property=\"og:url\" content=\"https:\/\/yrconsult.ma\/ar\/prendrerdv\/\" \/>\n<meta property=\"og:site_name\" content=\"Y&amp;R CONSULT SARL\" \/>\n<meta property=\"article:modified_time\" content=\"2023-04-29T03:04:50+00:00\" \/>\n<meta property=\"og:image\" content=\"https:\/\/yrconsult.ma\/wp-content\/uploads\/2023\/04\/e2b0bf1c-e830-4369-bcfe-44a5a973d688.jpg\" \/>\n<meta name=\"twitter:card\" content=\"summary_large_image\" \/>\n<script type=\"application\/ld+json\" class=\"yoast-schema-graph\">{\"@context\":\"https:\\\/\\\/schema.org\",\"@graph\":[{\"@type\":\"WebPage\",\"@id\":\"https:\\\/\\\/yrconsult.ma\\\/prendrerdv\\\/\",\"url\":\"https:\\\/\\\/yrconsult.ma\\\/prendrerdv\\\/\",\"name\":\"Prendre RDV - Y&amp;R CONSULT SARL\",\"isPartOf\":{\"@id\":\"https:\\\/\\\/yrconsult.ma\\\/#website\"},\"primaryImageOfPage\":{\"@id\":\"https:\\\/\\\/yrconsult.ma\\\/prendrerdv\\\/#primaryimage\"},\"image\":{\"@id\":\"https:\\\/\\\/yrconsult.ma\\\/prendrerdv\\\/#primaryimage\"},\"thumbnailUrl\":\"https:\\\/\\\/yrconsult.ma\\\/wp-content\\\/uploads\\\/2023\\\/04\\\/e2b0bf1c-e830-4369-bcfe-44a5a973d688.jpg\",\"datePublished\":\"2017-02-08T09:40:34+00:00\",\"dateModified\":\"2023-04-29T03:04:50+00:00\",\"breadcrumb\":{\"@id\":\"https:\\\/\\\/yrconsult.ma\\\/prendrerdv\\\/#breadcrumb\"},\"inLanguage\":\"ary\",\"potentialAction\":[{\"@type\":\"ReadAction\",\"target\":[\"https:\\\/\\\/yrconsult.ma\\\/prendrerdv\\\/\"]}]},{\"@type\":\"ImageObject\",\"inLanguage\":\"ary\",\"@id\":\"https:\\\/\\\/yrconsult.ma\\\/prendrerdv\\\/#primaryimage\",\"url\":\"https:\\\/\\\/yrconsult.ma\\\/wp-content\\\/uploads\\\/2023\\\/04\\\/e2b0bf1c-e830-4369-bcfe-44a5a973d688.jpg\",\"contentUrl\":\"https:\\\/\\\/yrconsult.ma\\\/wp-content\\\/uploads\\\/2023\\\/04\\\/e2b0bf1c-e830-4369-bcfe-44a5a973d688.jpg\"},{\"@type\":\"BreadcrumbList\",\"@id\":\"https:\\\/\\\/yrconsult.ma\\\/prendrerdv\\\/#breadcrumb\",\"itemListElement\":[{\"@type\":\"ListItem\",\"position\":1,\"name\":\"Home\",\"item\":\"https:\\\/\\\/yrconsult.ma\\\/\"},{\"@type\":\"ListItem\",\"position\":2,\"name\":\"Prendre RDV\"}]},{\"@type\":\"WebSite\",\"@id\":\"https:\\\/\\\/yrconsult.ma\\\/#website\",\"url\":\"https:\\\/\\\/yrconsult.ma\\\/\",\"name\":\"Y&amp;R CONSULT SARL\",\"description\":\"Votre partenaire d&#039;avenir\",\"potentialAction\":[{\"@type\":\"SearchAction\",\"target\":{\"@type\":\"EntryPoint\",\"urlTemplate\":\"https:\\\/\\\/yrconsult.ma\\\/?s={search_term_string}\"},\"query-input\":{\"@type\":\"PropertyValueSpecification\",\"valueRequired\":true,\"valueName\":\"search_term_string\"}}],\"inLanguage\":\"ary\"}]}<\/script>\n<!-- \/ Yoast SEO plugin. -->","yoast_head_json":{"title":"Prendre RDV - Y&amp;R CONSULT SARL","robots":{"index":"index","follow":"follow","max-snippet":"max-snippet:-1","max-image-preview":"max-image-preview:large","max-video-preview":"max-video-preview:-1"},"canonical":"https:\/\/yrconsult.ma\/ar\/prendrerdv\/","og_locale":"ar_AR","og_type":"article","og_title":"Prendre RDV - Y&amp;R CONSULT SARL","og_description":"Prendre rendez-vous Nous vous r\u00e9pondrons dans les 24 heures Gestion des Soci\u00e9t\u00e9sLa communication des Soci\u00e9t\u00e9sGestion de registre de commerce(RC)Les declarations comptables ,socialesLes business plansInscription \u00e0 la CNSSTraitement des donn\u00e9s de VISA Demander un rappel","og_url":"https:\/\/yrconsult.ma\/ar\/prendrerdv\/","og_site_name":"Y&amp;R CONSULT SARL","article_modified_time":"2023-04-29T03:04:50+00:00","og_image":[{"url":"https:\/\/yrconsult.ma\/wp-content\/uploads\/2023\/04\/e2b0bf1c-e830-4369-bcfe-44a5a973d688.jpg","type":"","width":"","height":""}],"twitter_card":"summary_large_image","schema":{"@context":"https:\/\/schema.org","@graph":[{"@type":"WebPage","@id":"https:\/\/yrconsult.ma\/prendrerdv\/","url":"https:\/\/yrconsult.ma\/prendrerdv\/","name":"Prendre RDV - Y&amp;R CONSULT SARL","isPartOf":{"@id":"https:\/\/yrconsult.ma\/#website"},"primaryImageOfPage":{"@id":"https:\/\/yrconsult.ma\/prendrerdv\/#primaryimage"},"image":{"@id":"https:\/\/yrconsult.ma\/prendrerdv\/#primaryimage"},"thumbnailUrl":"https:\/\/yrconsult.ma\/wp-content\/uploads\/2023\/04\/e2b0bf1c-e830-4369-bcfe-44a5a973d688.jpg","datePublished":"2017-02-08T09:40:34+00:00","dateModified":"2023-04-29T03:04:50+00:00","breadcrumb":{"@id":"https:\/\/yrconsult.ma\/prendrerdv\/#breadcrumb"},"inLanguage":"ary","potentialAction":[{"@type":"ReadAction","target":["https:\/\/yrconsult.ma\/prendrerdv\/"]}]},{"@type":"ImageObject","inLanguage":"ary","@id":"https:\/\/yrconsult.ma\/prendrerdv\/#primaryimage","url":"https:\/\/yrconsult.ma\/wp-content\/uploads\/2023\/04\/e2b0bf1c-e830-4369-bcfe-44a5a973d688.jpg","contentUrl":"https:\/\/yrconsult.ma\/wp-content\/uploads\/2023\/04\/e2b0bf1c-e830-4369-bcfe-44a5a973d688.jpg"},{"@type":"BreadcrumbList","@id":"https:\/\/yrconsult.ma\/prendrerdv\/#breadcrumb","itemListElement":[{"@type":"ListItem","position":1,"name":"Home","item":"https:\/\/yrconsult.ma\/"},{"@type":"ListItem","position":2,"name":"Prendre RDV"}]},{"@type":"WebSite","@id":"https:\/\/yrconsult.ma\/#website","url":"https:\/\/yrconsult.ma\/","name":"Y&amp;R CONSULT SARL","description":"Votre partenaire d&#039;avenir","potentialAction":[{"@type":"SearchAction","target":{"@type":"EntryPoint","urlTemplate":"https:\/\/yrconsult.ma\/?s={search_term_string}"},"query-input":{"@type":"PropertyValueSpecification","valueRequired":true,"valueName":"search_term_string"}}],"inLanguage":"ary"}]}},"_links":{"self":[{"href":"https:\/\/yrconsult.ma\/ar\/wp-json\/wp\/v2\/pages\/1165","targetHints":{"allow":["GET"]}}],"collection":[{"href":"https:\/\/yrconsult.ma\/ar\/wp-json\/wp\/v2\/pages"}],"about":[{"href":"https:\/\/yrconsult.ma\/ar\/wp-json\/wp\/v2\/types\/page"}],"author":[{"embeddable":true,"href":"https:\/\/yrconsult.ma\/ar\/wp-json\/wp\/v2\/users\/1"}],"replies":[{"embeddable":true,"href":"https:\/\/yrconsult.ma\/ar\/wp-json\/wp\/v2\/comments?post=1165"}],"version-history":[{"count":4,"href":"https:\/\/yrconsult.ma\/ar\/wp-json\/wp\/v2\/pages\/1165\/revisions"}],"predecessor-version":[{"id":7376,"href":"https:\/\/yrconsult.ma\/ar\/wp-json\/wp\/v2\/pages\/1165\/revisions\/7376"}],"wp:attachment":[{"href":"https:\/\/yrconsult.ma\/ar\/wp-json\/wp\/v2\/media?parent=1165"}],"curies":[{"name":"wp","href":"https:\/\/api.w.org\/{rel}","templated":true}]}}