{"id":7383,"date":"2023-04-29T18:24:17","date_gmt":"2023-04-29T18:24:17","guid":{"rendered":"https:\/\/yrconsult.ma\/?page_id=7383"},"modified":"2023-05-19T00:00:00","modified_gmt":"2023-05-19T00:00:00","slug":"nos-services","status":"publish","type":"page","link":"https:\/\/yrconsult.ma\/ar\/nos-services\/","title":{"rendered":"\u062e\u062f\u0645\u0627\u062a\u0646\u0627"},"content":{"rendered":"<div data-elementor-type=\"wp-page\" data-elementor-id=\"7383\" class=\"elementor elementor-7383\">\n\t\t\t\t\t\t<section class=\"elementor-section elementor-top-section elementor-element elementor-element-865e81a elementor-section-boxed elementor-section-height-default elementor-section-height-default\" data-id=\"865e81a\" data-element_type=\"section\" data-e-type=\"section\" data-settings=\"{&quot;background_background&quot;:&quot;classic&quot;}\">\n\t\t\t\t\t\t<div class=\"elementor-container elementor-column-gap-default\">\n\t\t\t\t\t<div class=\"elementor-column elementor-col-100 elementor-top-column elementor-element elementor-element-65cb76a\" data-id=\"65cb76a\" data-element_type=\"column\" data-e-type=\"column\">\n\t\t\t<div class=\"elementor-widget-wrap elementor-element-populated\">\n\t\t\t\t\t\t<div class=\"elementor-element elementor-element-af5fe49 elementor-widget elementor-widget-vc_custom_heading\" data-id=\"af5fe49\" data-element_type=\"widget\" data-e-type=\"widget\" data-widget_type=\"vc_custom_heading.default\">\n\t\t\t\t<div class=\"elementor-widget-container\">\n\t\t\t\t\t<div class=\"vc_custom_heading base_font_color consulting_heading_font  text_align_center has_subtitle\" ><h3 style=\"font-size: 45px;text-align: center;line-height: 60px;font-weight:700\" class=\"consulting-custom-title\">\u0645\u0631\u0627\u0643\u0632 \u0627\u0644\u062e\u0628\u0631\u0629 \u0644\u062f\u064a\u0646\u0627\n<span class=\"subtitle\" style=\"color:#000000\">\u064a\u063a\u0637\u064a \u0645\u0633\u062a\u0634\u0627\u0631\u0648\u0646\u0627 \u0645\u062c\u0645\u0648\u0639\u0629 \u0648\u0627\u0633\u0639\u0629 \u0645\u0646 \u0627\u0644\u0637\u0644\u0628\u0627\u062a \u0648\u0627\u0644\u062a\u062e\u0635\u0635\u0627\u062a:<\/span><\/h3><\/div>\t\t\t\t<\/div>\n\t\t\t\t<\/div>\n\t\t\t\t<section class=\"elementor-section elementor-top-section elementor-element elementor-element-0ab8958 elementor-section-boxed elementor-section-height-default elementor-section-height-default\" data-id=\"0ab8958\" data-element_type=\"section\" data-e-type=\"section\" data-settings=\"{&quot;background_background&quot;:&quot;classic&quot;}\">\n\t\t\t\t\t\t<div class=\"elementor-container elementor-column-gap-default\">\n\t\t\t\t\t<div class=\"elementor-column elementor-col-33 elementor-top-column elementor-element elementor-element-5a7d8bf\" data-id=\"5a7d8bf\" data-element_type=\"column\" data-e-type=\"column\">\n\t\t\t<div class=\"elementor-widget-wrap elementor-element-populated\">\n\t\t\t\t\t\t<div class=\"elementor-element elementor-element-e40ecf6 elementor-widget elementor-widget-stm_icon_box\" data-id=\"e40ecf6\" data-element_type=\"widget\" data-e-type=\"widget\" data-widget_type=\"stm_icon_box.default\">\n\t\t\t\t<div class=\"elementor-widget-container\">\n\t\t\t\t\t\n\n\n            <div onclick=\"return true\" class=\"icon_box  elementor-consulting-icon-box hexagon hexanog_animation style_1 icon_left clearfix\">\n                <div class=\"icon  font-color_default font-color_base_bg\" style=\"width:78px\">\n            <i style=\"font-size: 20px;  \"\n               class=\"fas fa-chart-line\"><\/i><\/div>\n        <div class=\"icon_text\">\n                    <h5  class=\"font-color_base\">\u062a\u0623\u0633\u064a\u0633 \u0627\u0644\u0634\u0631\u0643\u0627\u062a\n<\/h5>\n                    <\/div>\n            <\/div>\n    \n\t\t\t\t<\/div>\n\t\t\t\t<\/div>\n\t\t\t\t\t<\/div>\n\t\t<\/div>\n\t\t\t\t<div class=\"elementor-column elementor-col-33 elementor-top-column elementor-element elementor-element-fcfb368\" data-id=\"fcfb368\" data-element_type=\"column\" data-e-type=\"column\">\n\t\t\t<div class=\"elementor-widget-wrap elementor-element-populated\">\n\t\t\t\t\t\t<div class=\"elementor-element elementor-element-b4926d5 elementor-widget elementor-widget-stm_icon_box\" data-id=\"b4926d5\" data-element_type=\"widget\" data-e-type=\"widget\" data-widget_type=\"stm_icon_box.default\">\n\t\t\t\t<div class=\"elementor-widget-container\">\n\t\t\t\t\t\n\n\n            <div onclick=\"return true\" class=\"icon_box  elementor-consulting-icon-box hexagon hexanog_animation style_1 icon_left clearfix\">\n                <div class=\"icon  font-color_default font-color_base_bg\" style=\"width:78px\">\n            <i style=\"font-size: 22px;  \"\n               class=\"fas fa-city\"><\/i><\/div>\n        <div class=\"icon_text\">\n                    <h5  class=\"font-color_base\">\u062a\u0648\u0637\u064a\u0646 \u0627\u0644\u0634\u0631\u0643\u0627\u062a\n<\/h5>\n                    <\/div>\n            <\/div>\n    \n\t\t\t\t<\/div>\n\t\t\t\t<\/div>\n\t\t\t\t\t<\/div>\n\t\t<\/div>\n\t\t\t\t<div class=\"elementor-column elementor-col-33 elementor-top-column elementor-element elementor-element-061df69\" data-id=\"061df69\" data-element_type=\"column\" data-e-type=\"column\">\n\t\t\t<div class=\"elementor-widget-wrap elementor-element-populated\">\n\t\t\t\t\t\t<div class=\"elementor-element elementor-element-06f24d6 elementor-widget elementor-widget-stm_icon_box\" data-id=\"06f24d6\" data-element_type=\"widget\" data-e-type=\"widget\" data-widget_type=\"stm_icon_box.default\">\n\t\t\t\t<div class=\"elementor-widget-container\">\n\t\t\t\t\t\n\n\n            <div onclick=\"return true\" class=\"icon_box  elementor-consulting-icon-box hexagon hexanog_animation style_1 icon_left clearfix\">\n                <div class=\"icon  font-color_default font-color_base_bg\" style=\"width:78px\">\n            <i style=\"font-size: 22px;  \"\n               class=\"stm-cart\"><\/i><\/div>\n        <div class=\"icon_text\">\n                    <h5  class=\"font-color_base\">\u062a\u0623\u0633\u064a\u0633 \u0627\u0644\u0633\u062c\u0644 \u0627\u0644\u062a\u062c\u0627\u0631\u064a RC\n<\/h5>\n                    <\/div>\n            <\/div>\n    \n\t\t\t\t<\/div>\n\t\t\t\t<\/div>\n\t\t\t\t\t<\/div>\n\t\t<\/div>\n\t\t\t\t\t<\/div>\n\t\t<\/section>\n\t\t\t\t<section class=\"elementor-section elementor-top-section elementor-element elementor-element-0039540 elementor-section-boxed elementor-section-height-default elementor-section-height-default\" data-id=\"0039540\" data-element_type=\"section\" data-e-type=\"section\">\n\t\t\t\t\t\t<div class=\"elementor-container elementor-column-gap-default\">\n\t\t\t\t\t<div class=\"elementor-column elementor-col-33 elementor-top-column elementor-element elementor-element-eebb93d\" data-id=\"eebb93d\" data-element_type=\"column\" data-e-type=\"column\">\n\t\t\t<div class=\"elementor-widget-wrap elementor-element-populated\">\n\t\t\t\t\t\t<div class=\"elementor-element elementor-element-deeb0e6 elementor-widget elementor-widget-stm_icon_box\" data-id=\"deeb0e6\" data-element_type=\"widget\" data-e-type=\"widget\" data-widget_type=\"stm_icon_box.default\">\n\t\t\t\t<div class=\"elementor-widget-container\">\n\t\t\t\t\t\n\n\n            <div onclick=\"return true\" class=\"icon_box  elementor-consulting-icon-box hexagon hexanog_animation style_1 icon_left clearfix\">\n                <div class=\"icon  font-color_default font-color_base_bg\" style=\"width:78px\">\n            <i style=\"font-size: 24px;  \"\n               class=\"stm-home\"><\/i><\/div>\n        <div class=\"icon_text\">\n                    <h5  class=\"font-color_base\">\u0627\u0644\u0625\u0642\u0631\u0627\u0631\u0627\u062a \u0627\u0644\u0645\u062d\u0627\u0633\u0628\u064a\u0629 \u0648\u0627\u0644\u0627\u062c\u062a\u0645\u0627\u0639\u064a\u0629\n<\/h5>\n                    <\/div>\n            <\/div>\n    \n\t\t\t\t<\/div>\n\t\t\t\t<\/div>\n\t\t\t\t\t<\/div>\n\t\t<\/div>\n\t\t\t\t<div class=\"elementor-column elementor-col-33 elementor-top-column elementor-element elementor-element-7359388\" data-id=\"7359388\" data-element_type=\"column\" data-e-type=\"column\">\n\t\t\t<div class=\"elementor-widget-wrap elementor-element-populated\">\n\t\t\t\t\t\t<div class=\"elementor-element elementor-element-a1d34c1 elementor-widget elementor-widget-stm_icon_box\" data-id=\"a1d34c1\" data-element_type=\"widget\" data-e-type=\"widget\" data-widget_type=\"stm_icon_box.default\">\n\t\t\t\t<div class=\"elementor-widget-container\">\n\t\t\t\t\t\n\n\n            <div onclick=\"return true\" class=\"icon_box  elementor-consulting-icon-box hexagon hexanog_animation style_1 icon_left clearfix\">\n                <div class=\"icon  font-color_default font-color_base_bg\" style=\"width:78px\">\n            <i style=\"font-size: 28px;  \"\n               class=\"stm-lamp\"><\/i><\/div>\n        <div class=\"icon_text\">\n                    <h5  class=\"font-color_base\">\u062f\u0631\u0627\u0633\u0629 \u0627\u0644\u0645\u0634\u0627\u0631\u064a\u0639\n<\/h5>\n                    <\/div>\n            <\/div>\n    \n\t\t\t\t<\/div>\n\t\t\t\t<\/div>\n\t\t\t\t\t<\/div>\n\t\t<\/div>\n\t\t\t\t<div class=\"elementor-column elementor-col-33 elementor-top-column elementor-element elementor-element-16ac198\" data-id=\"16ac198\" data-element_type=\"column\" data-e-type=\"column\">\n\t\t\t<div class=\"elementor-widget-wrap elementor-element-populated\">\n\t\t\t\t\t\t<div class=\"elementor-element elementor-element-4ee32ff elementor-widget elementor-widget-stm_icon_box\" data-id=\"4ee32ff\" data-element_type=\"widget\" data-e-type=\"widget\" data-widget_type=\"stm_icon_box.default\">\n\t\t\t\t<div class=\"elementor-widget-container\">\n\t\t\t\t\t\n\n\n            <div onclick=\"return true\" class=\"icon_box  elementor-consulting-icon-box hexagon hexanog_animation style_1 icon_left clearfix\">\n                <div class=\"icon  font-color_default font-color_base_bg\" style=\"width:78px\">\n            <i style=\"font-size: 15px;  \"\n               class=\"stm-airplane\"><\/i><\/div>\n        <div class=\"icon_text\">\n                    <h5  class=\"font-color_base\">\u0645\u0639\u0627\u0644\u062c\u0629 \u0645\u0644\u0641\u0627\u062a \u0627\u0644\u0641\u064a\u0632\u0627\n<\/h5>\n                    <\/div>\n            <\/div>\n    \n\t\t\t\t<\/div>\n\t\t\t\t<\/div>\n\t\t\t\t\t<\/div>\n\t\t<\/div>\n\t\t\t\t\t<\/div>\n\t\t<\/section>\n\t\t\t\t\t<\/div>\n\t\t<\/div>\n\t\t\t\t\t<\/div>\n\t\t<\/section>\n\t\t\t\t<section class=\"elementor-section elementor-top-section elementor-element elementor-element-6a97634 elementor-section-boxed elementor-section-height-default elementor-section-height-default\" data-id=\"6a97634\" data-element_type=\"section\" data-e-type=\"section\" data-settings=\"{&quot;background_background&quot;:&quot;classic&quot;}\">\n\t\t\t\t\t\t<div class=\"elementor-container elementor-column-gap-default\">\n\t\t\t\t\t<div class=\"elementor-column elementor-col-100 elementor-top-column elementor-element elementor-element-c4c56df\" data-id=\"c4c56df\" data-element_type=\"column\" data-e-type=\"column\">\n\t\t\t<div class=\"elementor-widget-wrap elementor-element-populated\">\n\t\t\t\t\t\t<div class=\"elementor-element elementor-element-4dd58fc elementor-widget elementor-widget-vc_custom_heading\" data-id=\"4dd58fc\" data-element_type=\"widget\" data-e-type=\"widget\" data-widget_type=\"vc_custom_heading.default\">\n\t\t\t\t<div class=\"elementor-widget-container\">\n\t\t\t\t\t<div class=\"vc_custom_heading base_font_color consulting_heading_font  text_align_center\" ><h3 style=\"font-size: 45px;text-align: center;font-weight:700\" class=\"consulting-custom-title\">\u0634\u0631\u0643\u0627\u0624\u0646\u0627\n<\/h3><\/div>\t\t\t\t<\/div>\n\t\t\t\t<\/div>\n\t\t\t\t<div class=\"elementor-element elementor-element-6f95edc elementor-widget elementor-widget-stm_image_carousel\" data-id=\"6f95edc\" data-element_type=\"widget\" data-e-type=\"widget\" data-widget_type=\"stm_image_carousel.default\">\n\t\t\t\t<div class=\"elementor-widget-container\">\n\t\t\t\t\t\n<div class=\"vc_image_carousel_wr consulting_elementor_image_carousel grayscale\">\n    <div style=\"display: none;\" class=\"vc_image_carousel style_1\" id=\"owl-69d0fb31cfd72\">\n                                <div class=\"item\" style=\"margin: 0 10px;\">\n                                    <img src='https:\/\/yrconsult.ma\/wp-content\/uploads\/elementor\/thumbs\/1-1-q5mzunvl4iekcin2vub5j47er2ns49dg71do8xl4gg.png' alt='' \/>                            <\/div>\n                                    <div class=\"item\" style=\"margin: 0 10px;\">\n                                    <img src='https:\/\/yrconsult.ma\/wp-content\/uploads\/elementor\/thumbs\/2-1-q5mzutim9imaa6evywqwy2s6bdvzefzu7tal4lcrf4.png' alt='' \/>                            <\/div>\n                                    <div class=\"item\" style=\"margin: 0 10px;\">\n                                    <img src='https:\/\/yrconsult.ma\/wp-content\/uploads\/elementor\/thumbs\/3-1-q5mzuy7t7ospw8827gs1sjlhab8tgxihwgk0iz5sk0.png' alt='' \/>                            <\/div>\n                <\/div>\n    <script type=\"text\/javascript\">\n        jQuery(document).ready(function() {\n            var owlRtl = false;\n            if (jQuery('body').hasClass('rtl')) {\n                owlRtl = true;\n            }\n            jQuery(\"#owl-69d0fb31cfd72\").show().owlCarousel({\n                rtl: owlRtl,\n                                autoplay: false,\n                \n                                dots: false,\n                \n                                loop: false,\n                \n                                nav: false,\n                \n                                                smartSpeed: 250,\n                                responsive: {\n                                        0: {\n                        items: 1                    },\n                                                            768: {\n                        items: 4                    },\n                                                            980: {\n                        items: 5                    },\n                                                            1199: {\n                        items: 3                    }\n                                    }\n            });\n        });\n    <\/script>\n<\/div>\t\t\t\t<\/div>\n\t\t\t\t<\/div>\n\t\t\t\t\t<\/div>\n\t\t<\/div>\n\t\t\t\t\t<\/div>\n\t\t<\/section>\n\t\t\t\t<\/div>","protected":false},"excerpt":{"rendered":"<p>Nos centres d&rsquo;expertise Nos consultants couvrent un large \u00e9ventail d\u2019industries et de sp\u00e9cialisations : Cr\u00e9ation des Soci\u00e9t\u00e9s La domiciliation des soci\u00e9t\u00e9s Cr\u00e9ation de registre de commerce(RC) Les declarations comptables ,sociales Les business plans Traitement des donn\u00e9s de VISA Nos partenaires<\/p>","protected":false},"author":1,"featured_media":0,"parent":0,"menu_order":0,"comment_status":"closed","ping_status":"closed","template":"elementor_header_footer","meta":{"footnotes":""},"class_list":["post-7383","page","type-page","status-publish","hentry"],"yoast_head":"<!-- This site is optimized with the Yoast SEO plugin v27.3 - https:\/\/yoast.com\/product\/yoast-seo-wordpress\/ -->\n<title>Nos Services - Y&amp;R CONSULT SARL<\/title>\n<meta name=\"robots\" content=\"index, follow, max-snippet:-1, max-image-preview:large, max-video-preview:-1\" \/>\n<link rel=\"canonical\" href=\"https:\/\/yrconsult.ma\/ar\/nos-services\/\" \/>\n<meta property=\"og:locale\" content=\"ar_AR\" \/>\n<meta property=\"og:type\" content=\"article\" \/>\n<meta property=\"og:title\" content=\"Nos Services - Y&amp;R CONSULT SARL\" \/>\n<meta property=\"og:description\" content=\"Nos centres d&rsquo;expertise Nos consultants couvrent un large \u00e9ventail d\u2019industries et de sp\u00e9cialisations : Cr\u00e9ation des Soci\u00e9t\u00e9s La domiciliation des soci\u00e9t\u00e9s Cr\u00e9ation de registre de commerce(RC) Les declarations comptables ,sociales Les business plans Traitement des donn\u00e9s de VISA Nos partenaires\" \/>\n<meta property=\"og:url\" content=\"https:\/\/yrconsult.ma\/ar\/nos-services\/\" \/>\n<meta property=\"og:site_name\" content=\"Y&amp;R CONSULT SARL\" \/>\n<meta property=\"article:modified_time\" content=\"2023-05-19T00:00:00+00:00\" \/>\n<meta property=\"og:image\" content=\"https:\/\/yrconsult.ma\/wp-content\/uploads\/elementor\/thumbs\/1-1-q5mzunvl4iekcin2vub5j47er2ns49dg71do3yz1fk.png\" \/>\n<meta name=\"twitter:card\" content=\"summary_large_image\" \/>\n<meta name=\"twitter:label1\" content=\"Est. reading time\" \/>\n\t<meta name=\"twitter:data1\" content=\"2 minutes\" \/>\n<script type=\"application\/ld+json\" class=\"yoast-schema-graph\">{\"@context\":\"https:\\\/\\\/schema.org\",\"@graph\":[{\"@type\":\"WebPage\",\"@id\":\"https:\\\/\\\/yrconsult.ma\\\/nos-services\\\/\",\"url\":\"https:\\\/\\\/yrconsult.ma\\\/nos-services\\\/\",\"name\":\"Nos Services - Y&amp;R CONSULT SARL\",\"isPartOf\":{\"@id\":\"https:\\\/\\\/yrconsult.ma\\\/#website\"},\"primaryImageOfPage\":{\"@id\":\"https:\\\/\\\/yrconsult.ma\\\/nos-services\\\/#primaryimage\"},\"image\":{\"@id\":\"https:\\\/\\\/yrconsult.ma\\\/nos-services\\\/#primaryimage\"},\"thumbnailUrl\":\"https:\\\/\\\/yrconsult.ma\\\/wp-content\\\/uploads\\\/elementor\\\/thumbs\\\/1-1-q5mzunvl4iekcin2vub5j47er2ns49dg71do3yz1fk.png\",\"datePublished\":\"2023-04-29T18:24:17+00:00\",\"dateModified\":\"2023-05-19T00:00:00+00:00\",\"breadcrumb\":{\"@id\":\"https:\\\/\\\/yrconsult.ma\\\/nos-services\\\/#breadcrumb\"},\"inLanguage\":\"ary\",\"potentialAction\":[{\"@type\":\"ReadAction\",\"target\":[\"https:\\\/\\\/yrconsult.ma\\\/nos-services\\\/\"]}]},{\"@type\":\"ImageObject\",\"inLanguage\":\"ary\",\"@id\":\"https:\\\/\\\/yrconsult.ma\\\/nos-services\\\/#primaryimage\",\"url\":\"https:\\\/\\\/yrconsult.ma\\\/wp-content\\\/uploads\\\/elementor\\\/thumbs\\\/1-1-q5mzunvl4iekcin2vub5j47er2ns49dg71do3yz1fk.png\",\"contentUrl\":\"https:\\\/\\\/yrconsult.ma\\\/wp-content\\\/uploads\\\/elementor\\\/thumbs\\\/1-1-q5mzunvl4iekcin2vub5j47er2ns49dg71do3yz1fk.png\"},{\"@type\":\"BreadcrumbList\",\"@id\":\"https:\\\/\\\/yrconsult.ma\\\/nos-services\\\/#breadcrumb\",\"itemListElement\":[{\"@type\":\"ListItem\",\"position\":1,\"name\":\"Home\",\"item\":\"https:\\\/\\\/yrconsult.ma\\\/\"},{\"@type\":\"ListItem\",\"position\":2,\"name\":\"Nos Services\"}]},{\"@type\":\"WebSite\",\"@id\":\"https:\\\/\\\/yrconsult.ma\\\/#website\",\"url\":\"https:\\\/\\\/yrconsult.ma\\\/\",\"name\":\"Y&amp;R CONSULT SARL\",\"description\":\"Votre partenaire d&#039;avenir\",\"potentialAction\":[{\"@type\":\"SearchAction\",\"target\":{\"@type\":\"EntryPoint\",\"urlTemplate\":\"https:\\\/\\\/yrconsult.ma\\\/?s={search_term_string}\"},\"query-input\":{\"@type\":\"PropertyValueSpecification\",\"valueRequired\":true,\"valueName\":\"search_term_string\"}}],\"inLanguage\":\"ary\"}]}<\/script>\n<!-- \/ Yoast SEO plugin. -->","yoast_head_json":{"title":"Nos Services - Y&amp;R CONSULT SARL","robots":{"index":"index","follow":"follow","max-snippet":"max-snippet:-1","max-image-preview":"max-image-preview:large","max-video-preview":"max-video-preview:-1"},"canonical":"https:\/\/yrconsult.ma\/ar\/nos-services\/","og_locale":"ar_AR","og_type":"article","og_title":"Nos Services - Y&amp;R CONSULT SARL","og_description":"Nos centres d&rsquo;expertise Nos consultants couvrent un large \u00e9ventail d\u2019industries et de sp\u00e9cialisations : Cr\u00e9ation des Soci\u00e9t\u00e9s La domiciliation des soci\u00e9t\u00e9s Cr\u00e9ation de registre de commerce(RC) Les declarations comptables ,sociales Les business plans Traitement des donn\u00e9s de VISA Nos partenaires","og_url":"https:\/\/yrconsult.ma\/ar\/nos-services\/","og_site_name":"Y&amp;R CONSULT SARL","article_modified_time":"2023-05-19T00:00:00+00:00","og_image":[{"url":"https:\/\/yrconsult.ma\/wp-content\/uploads\/elementor\/thumbs\/1-1-q5mzunvl4iekcin2vub5j47er2ns49dg71do3yz1fk.png","type":"","width":"","height":""}],"twitter_card":"summary_large_image","twitter_misc":{"Est. reading time":"2 minutes"},"schema":{"@context":"https:\/\/schema.org","@graph":[{"@type":"WebPage","@id":"https:\/\/yrconsult.ma\/nos-services\/","url":"https:\/\/yrconsult.ma\/nos-services\/","name":"Nos Services - Y&amp;R CONSULT SARL","isPartOf":{"@id":"https:\/\/yrconsult.ma\/#website"},"primaryImageOfPage":{"@id":"https:\/\/yrconsult.ma\/nos-services\/#primaryimage"},"image":{"@id":"https:\/\/yrconsult.ma\/nos-services\/#primaryimage"},"thumbnailUrl":"https:\/\/yrconsult.ma\/wp-content\/uploads\/elementor\/thumbs\/1-1-q5mzunvl4iekcin2vub5j47er2ns49dg71do3yz1fk.png","datePublished":"2023-04-29T18:24:17+00:00","dateModified":"2023-05-19T00:00:00+00:00","breadcrumb":{"@id":"https:\/\/yrconsult.ma\/nos-services\/#breadcrumb"},"inLanguage":"ary","potentialAction":[{"@type":"ReadAction","target":["https:\/\/yrconsult.ma\/nos-services\/"]}]},{"@type":"ImageObject","inLanguage":"ary","@id":"https:\/\/yrconsult.ma\/nos-services\/#primaryimage","url":"https:\/\/yrconsult.ma\/wp-content\/uploads\/elementor\/thumbs\/1-1-q5mzunvl4iekcin2vub5j47er2ns49dg71do3yz1fk.png","contentUrl":"https:\/\/yrconsult.ma\/wp-content\/uploads\/elementor\/thumbs\/1-1-q5mzunvl4iekcin2vub5j47er2ns49dg71do3yz1fk.png"},{"@type":"BreadcrumbList","@id":"https:\/\/yrconsult.ma\/nos-services\/#breadcrumb","itemListElement":[{"@type":"ListItem","position":1,"name":"Home","item":"https:\/\/yrconsult.ma\/"},{"@type":"ListItem","position":2,"name":"Nos Services"}]},{"@type":"WebSite","@id":"https:\/\/yrconsult.ma\/#website","url":"https:\/\/yrconsult.ma\/","name":"Y&amp;R CONSULT SARL","description":"Votre partenaire d&#039;avenir","potentialAction":[{"@type":"SearchAction","target":{"@type":"EntryPoint","urlTemplate":"https:\/\/yrconsult.ma\/?s={search_term_string}"},"query-input":{"@type":"PropertyValueSpecification","valueRequired":true,"valueName":"search_term_string"}}],"inLanguage":"ary"}]}},"_links":{"self":[{"href":"https:\/\/yrconsult.ma\/ar\/wp-json\/wp\/v2\/pages\/7383","targetHints":{"allow":["GET"]}}],"collection":[{"href":"https:\/\/yrconsult.ma\/ar\/wp-json\/wp\/v2\/pages"}],"about":[{"href":"https:\/\/yrconsult.ma\/ar\/wp-json\/wp\/v2\/types\/page"}],"author":[{"embeddable":true,"href":"https:\/\/yrconsult.ma\/ar\/wp-json\/wp\/v2\/users\/1"}],"replies":[{"embeddable":true,"href":"https:\/\/yrconsult.ma\/ar\/wp-json\/wp\/v2\/comments?post=7383"}],"version-history":[{"count":8,"href":"https:\/\/yrconsult.ma\/ar\/wp-json\/wp\/v2\/pages\/7383\/revisions"}],"predecessor-version":[{"id":7495,"href":"https:\/\/yrconsult.ma\/ar\/wp-json\/wp\/v2\/pages\/7383\/revisions\/7495"}],"wp:attachment":[{"href":"https:\/\/yrconsult.ma\/ar\/wp-json\/wp\/v2\/media?parent=7383"}],"curies":[{"name":"wp","href":"https:\/\/api.w.org\/{rel}","templated":true}]}}